{"id":37,"date":"2018-07-18T11:55:09","date_gmt":"2018-07-18T11:55:09","guid":{"rendered":"https:\/\/demo.afthemes.com\/covernews-pro\/?page_id=37"},"modified":"2026-03-03T00:18:20","modified_gmt":"2026-03-03T00:18:20","slug":"home","status":"publish","type":"page","link":"https:\/\/lanoticia507.com\/noticia\/","title":{"rendered":"Home"},"content":{"rendered":"","protected":false},"excerpt":{"rendered":"","protected":false},"author":2,"featured_media":0,"parent":0,"menu_order":0,"comment_status":"closed","ping_status":"closed","template":"","meta":{"footnotes":""},"class_list":["post-37","page","type-page","status-publish","hentry"],"yoast_head":"<!-- This site is optimized with the Yoast SEO plugin v25.2 - https:\/\/yoast.com\/wordpress\/plugins\/seo\/ -->\n<title>Noticias de Panam\u00e1 | \u00daltimas noticias de Panam\u00e1 | La Noticia 507<\/title>\n<meta name=\"description\" content=\"Ent\u00e9rate de las \u00daltimas Noticias de Panam\u00e1. Actualidad, sucesos, pol\u00edtica.\" \/>\n<meta name=\"robots\" content=\"index, follow, max-snippet:-1, max-image-preview:large, max-video-preview:-1\" \/>\n<link rel=\"canonical\" href=\"https:\/\/lanoticia507.com\/noticia\/\" \/>\n<meta property=\"og:locale\" content=\"es_ES\" \/>\n<meta property=\"og:type\" content=\"article\" \/>\n<meta property=\"og:title\" content=\"Noticias de Panam\u00e1 | \u00daltimas noticias de Panam\u00e1 | La Noticia 507\" \/>\n<meta property=\"og:description\" content=\"Ent\u00e9rate de las \u00daltimas Noticias de Panam\u00e1. Actualidad, sucesos, pol\u00edtica.\" \/>\n<meta property=\"og:url\" content=\"https:\/\/lanoticia507.com\/noticia\/\" \/>\n<meta property=\"article:modified_time\" content=\"2026-03-03T00:18:20+00:00\" \/>\n<meta name=\"twitter:card\" content=\"summary_large_image\" \/>\n<script type=\"application\/ld+json\" class=\"yoast-schema-graph\">{\"@context\":\"https:\/\/schema.org\",\"@graph\":[{\"@type\":\"WebPage\",\"@id\":\"https:\/\/lanoticia507.com\/noticia\/\",\"url\":\"https:\/\/lanoticia507.com\/noticia\/\",\"name\":\"Noticias de Panam\u00e1 | \u00daltimas noticias de Panam\u00e1 | La Noticia 507\",\"isPartOf\":{\"@id\":\"https:\/\/lanoticia507.com\/noticia\/#website\"},\"datePublished\":\"2018-07-18T11:55:09+00:00\",\"dateModified\":\"2026-03-03T00:18:20+00:00\",\"description\":\"Ent\u00e9rate de las \u00daltimas Noticias de Panam\u00e1. Actualidad, sucesos, pol\u00edtica.\",\"breadcrumb\":{\"@id\":\"https:\/\/lanoticia507.com\/noticia\/#breadcrumb\"},\"inLanguage\":\"es\",\"potentialAction\":[{\"@type\":\"ReadAction\",\"target\":[\"https:\/\/lanoticia507.com\/noticia\/\"]}]},{\"@type\":\"BreadcrumbList\",\"@id\":\"https:\/\/lanoticia507.com\/noticia\/#breadcrumb\",\"itemListElement\":[{\"@type\":\"ListItem\",\"position\":1,\"name\":\"Portada\",\"item\":\"https:\/\/lanoticia507.com\/noticia\/\"},{\"@type\":\"ListItem\",\"position\":2,\"name\":\"Home\"}]},{\"@type\":\"WebSite\",\"@id\":\"https:\/\/lanoticia507.com\/noticia\/#website\",\"url\":\"https:\/\/lanoticia507.com\/noticia\/\",\"name\":\"Noticias de Panam\u00e1 | \u00daltimas noticias de Panam\u00e1 | La Noticia 507\",\"description\":\"\",\"publisher\":{\"@id\":\"https:\/\/lanoticia507.com\/noticia\/#organization\"},\"potentialAction\":[{\"@type\":\"SearchAction\",\"target\":{\"@type\":\"EntryPoint\",\"urlTemplate\":\"https:\/\/lanoticia507.com\/noticia\/?s={search_term_string}\"},\"query-input\":{\"@type\":\"PropertyValueSpecification\",\"valueRequired\":true,\"valueName\":\"search_term_string\"}}],\"inLanguage\":\"es\"},{\"@type\":\"Organization\",\"@id\":\"https:\/\/lanoticia507.com\/noticia\/#organization\",\"name\":\"Noticias de Panam\u00e1 | \u00daltimas noticias de Panam\u00e1 | La Noticia 507\",\"url\":\"https:\/\/lanoticia507.com\/noticia\/\",\"logo\":{\"@type\":\"ImageObject\",\"inLanguage\":\"es\",\"@id\":\"https:\/\/lanoticia507.com\/noticia\/#\/schema\/logo\/image\/\",\"url\":\"https:\/\/lanoticia507.com\/noticia\/wp-content\/uploads\/2025\/04\/logo-la-noticia-507-150-sombra.png\",\"contentUrl\":\"https:\/\/lanoticia507.com\/noticia\/wp-content\/uploads\/2025\/04\/logo-la-noticia-507-150-sombra.png\",\"width\":170,\"height\":170,\"caption\":\"Noticias de Panam\u00e1 | \u00daltimas noticias de Panam\u00e1 | La Noticia 507\"},\"image\":{\"@id\":\"https:\/\/lanoticia507.com\/noticia\/#\/schema\/logo\/image\/\"},\"sameAs\":[\"https:\/\/www.instagram.com\/lanoticia507\",\"https:\/\/www.tiktok.com\/@lanoticia507\"]}]}<\/script>\n<!-- \/ Yoast SEO plugin. -->","yoast_head_json":{"title":"Noticias de Panam\u00e1 | \u00daltimas noticias de Panam\u00e1 | La Noticia 507","description":"Ent\u00e9rate de las \u00daltimas Noticias de Panam\u00e1. Actualidad, sucesos, pol\u00edtica.","robots":{"index":"index","follow":"follow","max-snippet":"max-snippet:-1","max-image-preview":"max-image-preview:large","max-video-preview":"max-video-preview:-1"},"canonical":"https:\/\/lanoticia507.com\/noticia\/","og_locale":"es_ES","og_type":"article","og_title":"Noticias de Panam\u00e1 | \u00daltimas noticias de Panam\u00e1 | La Noticia 507","og_description":"Ent\u00e9rate de las \u00daltimas Noticias de Panam\u00e1. Actualidad, sucesos, pol\u00edtica.","og_url":"https:\/\/lanoticia507.com\/noticia\/","article_modified_time":"2026-03-03T00:18:20+00:00","twitter_card":"summary_large_image","schema":{"@context":"https:\/\/schema.org","@graph":[{"@type":"WebPage","@id":"https:\/\/lanoticia507.com\/noticia\/","url":"https:\/\/lanoticia507.com\/noticia\/","name":"Noticias de Panam\u00e1 | \u00daltimas noticias de Panam\u00e1 | La Noticia 507","isPartOf":{"@id":"https:\/\/lanoticia507.com\/noticia\/#website"},"datePublished":"2018-07-18T11:55:09+00:00","dateModified":"2026-03-03T00:18:20+00:00","description":"Ent\u00e9rate de las \u00daltimas Noticias de Panam\u00e1. Actualidad, sucesos, pol\u00edtica.","breadcrumb":{"@id":"https:\/\/lanoticia507.com\/noticia\/#breadcrumb"},"inLanguage":"es","potentialAction":[{"@type":"ReadAction","target":["https:\/\/lanoticia507.com\/noticia\/"]}]},{"@type":"BreadcrumbList","@id":"https:\/\/lanoticia507.com\/noticia\/#breadcrumb","itemListElement":[{"@type":"ListItem","position":1,"name":"Portada","item":"https:\/\/lanoticia507.com\/noticia\/"},{"@type":"ListItem","position":2,"name":"Home"}]},{"@type":"WebSite","@id":"https:\/\/lanoticia507.com\/noticia\/#website","url":"https:\/\/lanoticia507.com\/noticia\/","name":"Noticias de Panam\u00e1 | \u00daltimas noticias de Panam\u00e1 | La Noticia 507","description":"","publisher":{"@id":"https:\/\/lanoticia507.com\/noticia\/#organization"},"potentialAction":[{"@type":"SearchAction","target":{"@type":"EntryPoint","urlTemplate":"https:\/\/lanoticia507.com\/noticia\/?s={search_term_string}"},"query-input":{"@type":"PropertyValueSpecification","valueRequired":true,"valueName":"search_term_string"}}],"inLanguage":"es"},{"@type":"Organization","@id":"https:\/\/lanoticia507.com\/noticia\/#organization","name":"Noticias de Panam\u00e1 | \u00daltimas noticias de Panam\u00e1 | La Noticia 507","url":"https:\/\/lanoticia507.com\/noticia\/","logo":{"@type":"ImageObject","inLanguage":"es","@id":"https:\/\/lanoticia507.com\/noticia\/#\/schema\/logo\/image\/","url":"https:\/\/lanoticia507.com\/noticia\/wp-content\/uploads\/2025\/04\/logo-la-noticia-507-150-sombra.png","contentUrl":"https:\/\/lanoticia507.com\/noticia\/wp-content\/uploads\/2025\/04\/logo-la-noticia-507-150-sombra.png","width":170,"height":170,"caption":"Noticias de Panam\u00e1 | \u00daltimas noticias de Panam\u00e1 | La Noticia 507"},"image":{"@id":"https:\/\/lanoticia507.com\/noticia\/#\/schema\/logo\/image\/"},"sameAs":["https:\/\/www.instagram.com\/lanoticia507","https:\/\/www.tiktok.com\/@lanoticia507"]}]}},"_links":{"self":[{"href":"https:\/\/lanoticia507.com\/noticia\/wp-json\/wp\/v2\/pages\/37","targetHints":{"allow":["GET"]}}],"collection":[{"href":"https:\/\/lanoticia507.com\/noticia\/wp-json\/wp\/v2\/pages"}],"about":[{"href":"https:\/\/lanoticia507.com\/noticia\/wp-json\/wp\/v2\/types\/page"}],"author":[{"embeddable":true,"href":"https:\/\/lanoticia507.com\/noticia\/wp-json\/wp\/v2\/users\/2"}],"replies":[{"embeddable":true,"href":"https:\/\/lanoticia507.com\/noticia\/wp-json\/wp\/v2\/comments?post=37"}],"version-history":[{"count":1,"href":"https:\/\/lanoticia507.com\/noticia\/wp-json\/wp\/v2\/pages\/37\/revisions"}],"predecessor-version":[{"id":2554,"href":"https:\/\/lanoticia507.com\/noticia\/wp-json\/wp\/v2\/pages\/37\/revisions\/2554"}],"wp:attachment":[{"href":"https:\/\/lanoticia507.com\/noticia\/wp-json\/wp\/v2\/media?parent=37"}],"curies":[{"name":"wp","href":"https:\/\/api.w.org\/{rel}","templated":true}]}}